{"id":236,"date":"2025-02-06T16:17:36","date_gmt":"2025-02-06T16:17:36","guid":{"rendered":"https:\/\/17024.co\/pn\/?page_id=236"},"modified":"2025-02-06T16:59:22","modified_gmt":"2025-02-06T16:59:22","slug":"normatividad-2","status":"publish","type":"page","link":"https:\/\/17024.co\/pn\/normatividad-2\/","title":{"rendered":"Normatividad"},"content":{"rendered":"\n<p class=\"has-text-align-center\">Normatividad<\/p>\n\n\n\n<p><a href=\"https:\/\/17024.co\/pn\/politica-de-confidencialidad\/\" data-type=\"link\" data-id=\"https:\/\/17024.co\/pn\/politica-de-confidencialidad\/\">Pol\u00edtica de confidencialidad<\/a><\/p>\n\n\n\n<p><a href=\"https:\/\/17024.co\/pn\/politica-de-imparcialidad\/\" data-type=\"link\" data-id=\"https:\/\/17024.co\/pn\/politica-de-imparcialidad\/\">Pol\u00edtica de Imparcialidad<\/a><\/p>\n\n\n\n<p><a href=\"https:\/\/17024.co\/pn\/codigo-de-etica-y-buen-gobierno\/\" data-type=\"link\" data-id=\"https:\/\/17024.co\/pn\/codigo-de-etica-y-buen-gobierno\/\">C\u00f3digo de \u00c9tica y Buen Gobierno<\/a><\/p>\n\n\n\n<p><a href=\"https:\/\/17024.co\/pn\/reglamento-de-certificacion\/\" data-type=\"link\" data-id=\"https:\/\/17024.co\/pn\/reglamento-de-certificacion\/\">Reglamento de Certificaci\u00f3n<\/a><\/p>\n\n\n\n<p><a href=\"https:\/\/17024.co\/pn\/procedimiento-de-pqa\/\" data-type=\"link\" data-id=\"https:\/\/17024.co\/pn\/procedimiento-de-pqa\/\">Procedimiento de PQA<\/a><\/p>\n","protected":false},"excerpt":{"rendered":"<p>Normatividad Pol\u00edtica de confidencialidad Pol\u00edtica de Imparcialidad C\u00f3digo de \u00c9tica y Buen Gobierno Reglamento de Certificaci\u00f3n Procedimiento de PQA<\/p>\n","protected":false},"author":1,"featured_media":0,"parent":0,"menu_order":0,"comment_status":"closed","ping_status":"closed","template":"","meta":{"neve_meta_sidebar":"","neve_meta_container":"","neve_meta_enable_content_width":"on","neve_meta_content_width":80,"neve_meta_title_alignment":"center","neve_meta_author_avatar":"","neve_post_elements_order":"","neve_meta_disable_header":"","neve_meta_disable_footer":"","neve_meta_disable_title":"on","footnotes":""},"class_list":["post-236","page","type-page","status-publish","hentry"],"_links":{"self":[{"href":"https:\/\/17024.co\/pn\/wp-json\/wp\/v2\/pages\/236","targetHints":{"allow":["GET"]}}],"collection":[{"href":"https:\/\/17024.co\/pn\/wp-json\/wp\/v2\/pages"}],"about":[{"href":"https:\/\/17024.co\/pn\/wp-json\/wp\/v2\/types\/page"}],"author":[{"embeddable":true,"href":"https:\/\/17024.co\/pn\/wp-json\/wp\/v2\/users\/1"}],"replies":[{"embeddable":true,"href":"https:\/\/17024.co\/pn\/wp-json\/wp\/v2\/comments?post=236"}],"version-history":[{"count":8,"href":"https:\/\/17024.co\/pn\/wp-json\/wp\/v2\/pages\/236\/revisions"}],"predecessor-version":[{"id":258,"href":"https:\/\/17024.co\/pn\/wp-json\/wp\/v2\/pages\/236\/revisions\/258"}],"wp:attachment":[{"href":"https:\/\/17024.co\/pn\/wp-json\/wp\/v2\/media?parent=236"}],"curies":[{"name":"wp","href":"https:\/\/api.w.org\/{rel}","templated":true}]}}